{"id":580,"date":"2024-09-10T20:09:25","date_gmt":"2024-09-10T20:09:25","guid":{"rendered":"https:\/\/vision-agency.tech\/?page_id=580"},"modified":"2024-09-10T20:22:52","modified_gmt":"2024-09-10T20:22:52","slug":"eagle-bay-loft","status":"publish","type":"page","link":"https:\/\/vision-agency.tech\/sq\/projects\/eagle-bay-loft\/","title":{"rendered":"Eagle Bay Loft"},"content":{"rendered":"<div data-elementor-type=\"wp-page\" data-elementor-id=\"580\" class=\"elementor elementor-580\" data-elementor-post-type=\"page\">\n\t\t\t\t<div class=\"elementor-element elementor-element-9a16493 e-flex e-con-boxed e-con e-parent\" data-id=\"9a16493\" data-element_type=\"container\" data-settings=\"{&quot;background_background&quot;:&quot;classic&quot;}\">\n\t\t\t\t\t<div class=\"e-con-inner\">\n\t\t\t\t<div class=\"elementor-element elementor-element-3b57cbe elementor-widget elementor-widget-video\" data-id=\"3b57cbe\" data-element_type=\"widget\" data-settings=\"{&quot;video_type&quot;:&quot;hosted&quot;,&quot;autoplay&quot;:&quot;yes&quot;,&quot;mute&quot;:&quot;yes&quot;,&quot;loop&quot;:&quot;yes&quot;}\" data-widget_type=\"video.default\">\n\t\t\t\t<div class=\"elementor-widget-container\">\n\t\t\t\t\t\t\t<div class=\"e-hosted-video elementor-wrapper elementor-open-inline\">\n\t\t\t\t\t<video class=\"elementor-video\" src=\"https:\/\/vision-agency.tech\/wp-content\/uploads\/2024\/09\/7.mp4\" autoplay=\"\" loop=\"\" muted=\"muted\" controlslist=\"nodownload\" poster=\"https:\/\/vision-agency.tech\/wp-content\/uploads\/2024\/09\/IMG-20240910-WA0019.jpg\"><\/video>\n\t\t\t\t<\/div>\n\t\t\t\t\t\t<\/div>\n\t\t\t\t<\/div>\n\t\t\t\t\t<\/div>\n\t\t\t\t<\/div>\n\t\t<div class=\"elementor-element elementor-element-d022ed6 e-flex e-con-boxed e-con e-parent\" data-id=\"d022ed6\" data-element_type=\"container\">\n\t\t\t\t\t<div class=\"e-con-inner\">\n\t\t\t\t<div class=\"elementor-element elementor-element-0ec1f90 elementor-widget elementor-widget-heading\" data-id=\"0ec1f90\" data-element_type=\"widget\" data-widget_type=\"heading.default\">\n\t\t\t\t<div class=\"elementor-widget-container\">\n\t\t\t\t\t<h2 class=\"elementor-heading-title elementor-size-default\">Shqiponja Gjirin E Majt\u00eb<\/h2>\t\t\t\t<\/div>\n\t\t\t\t<\/div>\n\t\t\t\t<div class=\"elementor-element elementor-element-5943050 elementor-widget__width-initial elementor-widget-mobile__width-inherit elementor-widget elementor-widget-text-editor\" data-id=\"5943050\" data-element_type=\"widget\" data-widget_type=\"text-editor.default\">\n\t\t\t\t<div class=\"elementor-widget-container\">\n\t\t\t\t\t\t\t\t\t<p>Eagle Bay Loft ofron apartamente moderne dhe t\u00eb pajisura plot\u00ebsisht n\u00eb Kissamos, Greqi, me aj\u00ebr t\u00eb kondicionuar, pamje nga deti dhe ballkone private. Vizitor\u00ebt mund t\u00eb shijojn\u00eb Wi-Fi falas, TV me ekran t\u00eb shesht\u00eb, lavatri\u00e7e, si dhe pajisje kuzhine si furr\u00eb, aparat kafeje dhe \u00e7ajnik. E vendosur pran\u00eb plazhit.<\/p>\t\t\t\t\t\t\t\t<\/div>\n\t\t\t\t<\/div>\n\t\t\t\t<div class=\"elementor-element elementor-element-8f4fb3b elementor-widget__width-initial elementor-widget-mobile__width-inherit elementor-widget elementor-widget-text-editor\" data-id=\"8f4fb3b\" data-element_type=\"widget\" data-widget_type=\"text-editor.default\">\n\t\t\t\t<div class=\"elementor-widget-container\">\n\t\t\t\t\t\t\t\t\t<p>Time: 1 Month<\/p>\t\t\t\t\t\t\t\t<\/div>\n\t\t\t\t<\/div>\n\t\t\t\t<div class=\"elementor-element elementor-element-76bf974 elementor-align-center elementor-widget elementor-widget-button\" data-id=\"76bf974\" data-element_type=\"widget\" data-widget_type=\"button.default\">\n\t\t\t\t<div class=\"elementor-widget-container\">\n\t\t\t\t\t\t\t\t\t<div class=\"elementor-button-wrapper\">\n\t\t\t\t\t<a class=\"elementor-button elementor-button-link elementor-size-sm\" href=\"https:\/\/eaglebayloft.com\/\">\n\t\t\t\t\t\t<span class=\"elementor-button-content-wrapper\">\n\t\t\t\t\t\t\t\t\t<span class=\"elementor-button-text\">VISIT WEBSITE<\/span>\n\t\t\t\t\t<\/span>\n\t\t\t\t\t<\/a>\n\t\t\t\t<\/div>\n\t\t\t\t\t\t\t\t<\/div>\n\t\t\t\t<\/div>\n\t\t\t\t\t<\/div>\n\t\t\t\t<\/div>\n\t\t<div class=\"elementor-element elementor-element-60654e5 e-flex e-con-boxed e-con e-parent\" data-id=\"60654e5\" data-element_type=\"container\">\n\t\t\t\t\t<div class=\"e-con-inner\">\n\t\t<div class=\"elementor-element elementor-element-f770415 e-con-full e-flex e-con e-child\" data-id=\"f770415\" data-element_type=\"container\">\n\t\t\t\t<div class=\"elementor-element elementor-element-dac3aa9 elementor-widget elementor-widget-image\" data-id=\"dac3aa9\" data-element_type=\"widget\" data-widget_type=\"image.default\">\n\t\t\t\t<div class=\"elementor-widget-container\">\n\t\t\t\t\t\t\t\t\t\t\t\t\t\t\t<img fetchpriority=\"high\" decoding=\"async\" width=\"781\" height=\"2048\" src=\"https:\/\/vision-agency.tech\/wp-content\/uploads\/2024\/09\/Screenshot_11-9-2024_1526_eaglebayloft.com_-781x2048.jpeg\" class=\"attachment-2048x2048 size-2048x2048 wp-image-623\" alt=\"\" srcset=\"https:\/\/vision-agency.tech\/wp-content\/uploads\/2024\/09\/Screenshot_11-9-2024_1526_eaglebayloft.com_-781x2048.jpeg 781w, https:\/\/vision-agency.tech\/wp-content\/uploads\/2024\/09\/Screenshot_11-9-2024_1526_eaglebayloft.com_-114x300.jpeg 114w, https:\/\/vision-agency.tech\/wp-content\/uploads\/2024\/09\/Screenshot_11-9-2024_1526_eaglebayloft.com_-391x1024.jpeg 391w, https:\/\/vision-agency.tech\/wp-content\/uploads\/2024\/09\/Screenshot_11-9-2024_1526_eaglebayloft.com_-768x2014.jpeg 768w, https:\/\/vision-agency.tech\/wp-content\/uploads\/2024\/09\/Screenshot_11-9-2024_1526_eaglebayloft.com_-586x1536.jpeg 586w, https:\/\/vision-agency.tech\/wp-content\/uploads\/2024\/09\/Screenshot_11-9-2024_1526_eaglebayloft.com_-scaled.jpeg 976w\" sizes=\"(max-width: 781px) 100vw, 781px\" \/>\t\t\t\t\t\t\t\t\t\t\t\t\t\t\t<\/div>\n\t\t\t\t<\/div>\n\t\t\t\t<\/div>\n\t\t\t\t\t<\/div>\n\t\t\t\t<\/div>\n\t\t\t\t<\/div>","protected":false},"excerpt":{"rendered":"<p>https:\/\/vision-agency.tech\/wp-content\/uploads\/2024\/09\/7.mp4 Eagle Bay Left We have created a modern and adaptable website for Top Seven Luxury Cars in Tirana, which offers an advanced vehicle search system, detailed car presentations and built-in lead generation functionalities, Time: 1 Month VISIT WEBSITE<\/p>","protected":false},"author":1,"featured_media":0,"parent":344,"menu_order":0,"comment_status":"closed","ping_status":"closed","template":"elementor_header_footer","meta":{"footnotes":""},"class_list":["post-580","page","type-page","status-publish","hentry"],"_links":{"self":[{"href":"https:\/\/vision-agency.tech\/sq\/wp-json\/wp\/v2\/pages\/580","targetHints":{"allow":["GET"]}}],"collection":[{"href":"https:\/\/vision-agency.tech\/sq\/wp-json\/wp\/v2\/pages"}],"about":[{"href":"https:\/\/vision-agency.tech\/sq\/wp-json\/wp\/v2\/types\/page"}],"author":[{"embeddable":true,"href":"https:\/\/vision-agency.tech\/sq\/wp-json\/wp\/v2\/users\/1"}],"replies":[{"embeddable":true,"href":"https:\/\/vision-agency.tech\/sq\/wp-json\/wp\/v2\/comments?post=580"}],"version-history":[{"count":10,"href":"https:\/\/vision-agency.tech\/sq\/wp-json\/wp\/v2\/pages\/580\/revisions"}],"predecessor-version":[{"id":627,"href":"https:\/\/vision-agency.tech\/sq\/wp-json\/wp\/v2\/pages\/580\/revisions\/627"}],"up":[{"embeddable":true,"href":"https:\/\/vision-agency.tech\/sq\/wp-json\/wp\/v2\/pages\/344"}],"wp:attachment":[{"href":"https:\/\/vision-agency.tech\/sq\/wp-json\/wp\/v2\/media?parent=580"}],"curies":[{"name":"wp","href":"https:\/\/api.w.org\/{rel}","templated":true}]}}