{"id":555,"date":"2024-09-10T19:32:50","date_gmt":"2024-09-10T19:32:50","guid":{"rendered":"https:\/\/vision-agency.tech\/?page_id=555"},"modified":"2024-09-10T19:44:43","modified_gmt":"2024-09-10T19:44:43","slug":"visual-academy","status":"publish","type":"page","link":"https:\/\/vision-agency.tech\/sq\/projects\/visual-academy\/","title":{"rendered":"Vizuale N\u00eb Akademin\u00eb E"},"content":{"rendered":"<div data-elementor-type=\"wp-page\" data-elementor-id=\"555\" class=\"elementor elementor-555\" data-elementor-post-type=\"page\">\n\t\t\t\t<div class=\"elementor-element elementor-element-d912450 e-flex e-con-boxed e-con e-parent\" data-id=\"d912450\" data-element_type=\"container\" data-settings=\"{&quot;background_background&quot;:&quot;classic&quot;}\">\n\t\t\t\t\t<div class=\"e-con-inner\">\n\t\t\t\t<div class=\"elementor-element elementor-element-df2557c elementor-widget elementor-widget-video\" data-id=\"df2557c\" data-element_type=\"widget\" data-settings=\"{&quot;video_type&quot;:&quot;hosted&quot;,&quot;autoplay&quot;:&quot;yes&quot;,&quot;mute&quot;:&quot;yes&quot;,&quot;loop&quot;:&quot;yes&quot;}\" data-widget_type=\"video.default\">\n\t\t\t\t<div class=\"elementor-widget-container\">\n\t\t\t\t\t\t\t<div class=\"e-hosted-video elementor-wrapper elementor-open-inline\">\n\t\t\t\t\t<video class=\"elementor-video\" src=\"https:\/\/vision-agency.tech\/wp-content\/uploads\/2024\/09\/8.mp4\" autoplay=\"\" loop=\"\" muted=\"muted\" controlslist=\"nodownload\" poster=\"https:\/\/vision-agency.tech\/wp-content\/uploads\/2024\/09\/IMG-20240910-WA0020.jpg\"><\/video>\n\t\t\t\t<\/div>\n\t\t\t\t\t\t<\/div>\n\t\t\t\t<\/div>\n\t\t\t\t\t<\/div>\n\t\t\t\t<\/div>\n\t\t<div class=\"elementor-element elementor-element-cb80aea e-flex e-con-boxed e-con e-parent\" data-id=\"cb80aea\" data-element_type=\"container\">\n\t\t\t\t\t<div class=\"e-con-inner\">\n\t\t\t\t<div class=\"elementor-element elementor-element-08a1064 elementor-widget elementor-widget-heading\" data-id=\"08a1064\" data-element_type=\"widget\" data-widget_type=\"heading.default\">\n\t\t\t\t<div class=\"elementor-widget-container\">\n\t\t\t\t\t<h2 class=\"elementor-heading-title elementor-size-default\">Vizuale N\u00eb Akademin\u00eb E<\/h2>\t\t\t\t<\/div>\n\t\t\t\t<\/div>\n\t\t\t\t<div class=\"elementor-element elementor-element-f7b7566 elementor-widget__width-initial elementor-widget-mobile__width-inherit elementor-widget elementor-widget-text-editor\" data-id=\"f7b7566\" data-element_type=\"widget\" data-widget_type=\"text-editor.default\">\n\t\t\t\t<div class=\"elementor-widget-container\">\n\t\t\t\t\t\t\t\t\t<p>Vision Academy \u00ebsht\u00eb nj\u00eb platform\u00eb online q\u00eb ofron kurse t\u00eb ndryshme, duke p\u00ebrfshir\u00eb programim, tregti n\u00eb forex, dropshipping dhe marketing n\u00eb rrjete sociale. Platforma synon fuqizimin e individ\u00ebve p\u00ebrmes ofrimit t\u00eb kurseve cil\u00ebsore dhe t\u00eb p\u00ebrballueshme, me instruktor\u00eb ekspert\u00eb q\u00eb udh\u00ebheqin student\u00ebt n\u00eb aft\u00ebsi praktike.<\/p>\t\t\t\t\t\t\t\t<\/div>\n\t\t\t\t<\/div>\n\t\t\t\t<div class=\"elementor-element elementor-element-4ad4b96 elementor-widget__width-initial elementor-widget-mobile__width-inherit elementor-widget elementor-widget-text-editor\" data-id=\"4ad4b96\" data-element_type=\"widget\" data-widget_type=\"text-editor.default\">\n\t\t\t\t<div class=\"elementor-widget-container\">\n\t\t\t\t\t\t\t\t\t<p>Time: 1 Month<\/p>\t\t\t\t\t\t\t\t<\/div>\n\t\t\t\t<\/div>\n\t\t\t\t<div class=\"elementor-element elementor-element-31bfc71 elementor-align-center elementor-widget elementor-widget-button\" data-id=\"31bfc71\" data-element_type=\"widget\" data-widget_type=\"button.default\">\n\t\t\t\t<div class=\"elementor-widget-container\">\n\t\t\t\t\t\t\t\t\t<div class=\"elementor-button-wrapper\">\n\t\t\t\t\t<a class=\"elementor-button elementor-button-link elementor-size-sm\" href=\"https:\/\/visionacademy.shop\/\">\n\t\t\t\t\t\t<span class=\"elementor-button-content-wrapper\">\n\t\t\t\t\t\t\t\t\t<span class=\"elementor-button-text\">VISIT WEBSITE<\/span>\n\t\t\t\t\t<\/span>\n\t\t\t\t\t<\/a>\n\t\t\t\t<\/div>\n\t\t\t\t\t\t\t\t<\/div>\n\t\t\t\t<\/div>\n\t\t\t\t\t<\/div>\n\t\t\t\t<\/div>\n\t\t<div class=\"elementor-element elementor-element-9bf06bd e-flex e-con-boxed e-con e-parent\" data-id=\"9bf06bd\" data-element_type=\"container\">\n\t\t\t\t\t<div class=\"e-con-inner\">\n\t\t<div class=\"elementor-element elementor-element-28147f7 e-con-full e-flex e-con e-child\" data-id=\"28147f7\" data-element_type=\"container\">\n\t\t\t\t<div class=\"elementor-element elementor-element-a469822 elementor-widget elementor-widget-image\" data-id=\"a469822\" data-element_type=\"widget\" data-widget_type=\"image.default\">\n\t\t\t\t<div class=\"elementor-widget-container\">\n\t\t\t\t\t\t\t\t\t\t\t\t\t\t\t<img fetchpriority=\"high\" decoding=\"async\" width=\"729\" height=\"2048\" src=\"https:\/\/vision-agency.tech\/wp-content\/uploads\/2024\/09\/Screenshot_11-9-2024_03954_visionacademy.shop_-729x2048.jpeg\" class=\"attachment-2048x2048 size-2048x2048 wp-image-561\" alt=\"\" srcset=\"https:\/\/vision-agency.tech\/wp-content\/uploads\/2024\/09\/Screenshot_11-9-2024_03954_visionacademy.shop_-729x2048.jpeg 729w, https:\/\/vision-agency.tech\/wp-content\/uploads\/2024\/09\/Screenshot_11-9-2024_03954_visionacademy.shop_-107x300.jpeg 107w, https:\/\/vision-agency.tech\/wp-content\/uploads\/2024\/09\/Screenshot_11-9-2024_03954_visionacademy.shop_-365x1024.jpeg 365w, https:\/\/vision-agency.tech\/wp-content\/uploads\/2024\/09\/Screenshot_11-9-2024_03954_visionacademy.shop_-768x2158.jpeg 768w, https:\/\/vision-agency.tech\/wp-content\/uploads\/2024\/09\/Screenshot_11-9-2024_03954_visionacademy.shop_-547x1536.jpeg 547w, https:\/\/vision-agency.tech\/wp-content\/uploads\/2024\/09\/Screenshot_11-9-2024_03954_visionacademy.shop_-scaled.jpeg 911w\" sizes=\"(max-width: 729px) 100vw, 729px\" \/>\t\t\t\t\t\t\t\t\t\t\t\t\t\t\t<\/div>\n\t\t\t\t<\/div>\n\t\t\t\t<\/div>\n\t\t<div class=\"elementor-element elementor-element-bd73d06 e-con-full e-flex e-con e-child\" data-id=\"bd73d06\" data-element_type=\"container\">\n\t\t\t\t<div class=\"elementor-element elementor-element-aa8a7b6 elementor-widget elementor-widget-image\" data-id=\"aa8a7b6\" data-element_type=\"widget\" data-widget_type=\"image.default\">\n\t\t\t\t<div class=\"elementor-widget-container\">\n\t\t\t\t\t\t\t\t\t\t\t\t\t\t\t<img decoding=\"async\" width=\"1456\" height=\"1536\" src=\"https:\/\/vision-agency.tech\/wp-content\/uploads\/2024\/09\/Screenshot_11-9-2024_0435_visionacademy.shop_-1456x1536.jpeg\" class=\"attachment-1536x1536 size-1536x1536 wp-image-564\" alt=\"\" srcset=\"https:\/\/vision-agency.tech\/wp-content\/uploads\/2024\/09\/Screenshot_11-9-2024_0435_visionacademy.shop_-1456x1536.jpeg 1456w, https:\/\/vision-agency.tech\/wp-content\/uploads\/2024\/09\/Screenshot_11-9-2024_0435_visionacademy.shop_-284x300.jpeg 284w, https:\/\/vision-agency.tech\/wp-content\/uploads\/2024\/09\/Screenshot_11-9-2024_0435_visionacademy.shop_-971x1024.jpeg 971w, https:\/\/vision-agency.tech\/wp-content\/uploads\/2024\/09\/Screenshot_11-9-2024_0435_visionacademy.shop_-768x810.jpeg 768w, https:\/\/vision-agency.tech\/wp-content\/uploads\/2024\/09\/Screenshot_11-9-2024_0435_visionacademy.shop_.jpeg 1788w\" sizes=\"(max-width: 1456px) 100vw, 1456px\" \/>\t\t\t\t\t\t\t\t\t\t\t\t\t\t\t<\/div>\n\t\t\t\t<\/div>\n\t\t\t\t<div class=\"elementor-element elementor-element-4ed4d54 elementor-widget elementor-widget-image\" data-id=\"4ed4d54\" data-element_type=\"widget\" data-widget_type=\"image.default\">\n\t\t\t\t<div class=\"elementor-widget-container\">\n\t\t\t\t\t\t\t\t\t\t\t\t\t\t\t<img decoding=\"async\" width=\"1536\" height=\"1354\" src=\"https:\/\/vision-agency.tech\/wp-content\/uploads\/2024\/09\/Screenshot_11-9-2024_04049_visionacademy.shop_-1536x1354.jpeg\" class=\"attachment-1536x1536 size-1536x1536 wp-image-562\" alt=\"\" srcset=\"https:\/\/vision-agency.tech\/wp-content\/uploads\/2024\/09\/Screenshot_11-9-2024_04049_visionacademy.shop_-1536x1354.jpeg 1536w, https:\/\/vision-agency.tech\/wp-content\/uploads\/2024\/09\/Screenshot_11-9-2024_04049_visionacademy.shop_-300x264.jpeg 300w, https:\/\/vision-agency.tech\/wp-content\/uploads\/2024\/09\/Screenshot_11-9-2024_04049_visionacademy.shop_-1024x903.jpeg 1024w, https:\/\/vision-agency.tech\/wp-content\/uploads\/2024\/09\/Screenshot_11-9-2024_04049_visionacademy.shop_-768x677.jpeg 768w, https:\/\/vision-agency.tech\/wp-content\/uploads\/2024\/09\/Screenshot_11-9-2024_04049_visionacademy.shop_.jpeg 1788w\" sizes=\"(max-width: 1536px) 100vw, 1536px\" \/>\t\t\t\t\t\t\t\t\t\t\t\t\t\t\t<\/div>\n\t\t\t\t<\/div>\n\t\t\t\t<div class=\"elementor-element elementor-element-c7053f6 elementor-widget elementor-widget-image\" data-id=\"c7053f6\" data-element_type=\"widget\" data-widget_type=\"image.default\">\n\t\t\t\t<div class=\"elementor-widget-container\">\n\t\t\t\t\t\t\t\t\t\t\t\t\t\t\t<img loading=\"lazy\" decoding=\"async\" width=\"1536\" height=\"898\" src=\"https:\/\/vision-agency.tech\/wp-content\/uploads\/2024\/09\/Screenshot_11-9-2024_04154_visionacademy.shop_-1536x898.jpeg\" class=\"attachment-1536x1536 size-1536x1536 wp-image-563\" alt=\"\" srcset=\"https:\/\/vision-agency.tech\/wp-content\/uploads\/2024\/09\/Screenshot_11-9-2024_04154_visionacademy.shop_-1536x898.jpeg 1536w, https:\/\/vision-agency.tech\/wp-content\/uploads\/2024\/09\/Screenshot_11-9-2024_04154_visionacademy.shop_-300x175.jpeg 300w, https:\/\/vision-agency.tech\/wp-content\/uploads\/2024\/09\/Screenshot_11-9-2024_04154_visionacademy.shop_-1024x598.jpeg 1024w, https:\/\/vision-agency.tech\/wp-content\/uploads\/2024\/09\/Screenshot_11-9-2024_04154_visionacademy.shop_-768x449.jpeg 768w, https:\/\/vision-agency.tech\/wp-content\/uploads\/2024\/09\/Screenshot_11-9-2024_04154_visionacademy.shop_.jpeg 1788w\" sizes=\"(max-width: 1536px) 100vw, 1536px\" \/>\t\t\t\t\t\t\t\t\t\t\t\t\t\t\t<\/div>\n\t\t\t\t<\/div>\n\t\t\t\t<\/div>\n\t\t\t\t\t<\/div>\n\t\t\t\t<\/div>\n\t\t\t\t<\/div>","protected":false},"excerpt":{"rendered":"<p>https:\/\/vision-agency.tech\/wp-content\/uploads\/2024\/09\/8.mp4 Visual Academy The site is fully mobile-responsive and boasts a sleek, modern design. It delivers an excellent user experience on all devices, with an attractive and intuitive interface. Time: 1 Month VISIT WEBSITE<\/p>","protected":false},"author":1,"featured_media":0,"parent":344,"menu_order":0,"comment_status":"closed","ping_status":"closed","template":"elementor_header_footer","meta":{"footnotes":""},"class_list":["post-555","page","type-page","status-publish","hentry"],"_links":{"self":[{"href":"https:\/\/vision-agency.tech\/sq\/wp-json\/wp\/v2\/pages\/555","targetHints":{"allow":["GET"]}}],"collection":[{"href":"https:\/\/vision-agency.tech\/sq\/wp-json\/wp\/v2\/pages"}],"about":[{"href":"https:\/\/vision-agency.tech\/sq\/wp-json\/wp\/v2\/types\/page"}],"author":[{"embeddable":true,"href":"https:\/\/vision-agency.tech\/sq\/wp-json\/wp\/v2\/users\/1"}],"replies":[{"embeddable":true,"href":"https:\/\/vision-agency.tech\/sq\/wp-json\/wp\/v2\/comments?post=555"}],"version-history":[{"count":10,"href":"https:\/\/vision-agency.tech\/sq\/wp-json\/wp\/v2\/pages\/555\/revisions"}],"predecessor-version":[{"id":570,"href":"https:\/\/vision-agency.tech\/sq\/wp-json\/wp\/v2\/pages\/555\/revisions\/570"}],"up":[{"embeddable":true,"href":"https:\/\/vision-agency.tech\/sq\/wp-json\/wp\/v2\/pages\/344"}],"wp:attachment":[{"href":"https:\/\/vision-agency.tech\/sq\/wp-json\/wp\/v2\/media?parent=555"}],"curies":[{"name":"wp","href":"https:\/\/api.w.org\/{rel}","templated":true}]}}