{"id":499,"date":"2024-09-10T18:52:56","date_gmt":"2024-09-10T18:52:56","guid":{"rendered":"https:\/\/vision-agency.tech\/?page_id=499"},"modified":"2024-09-10T19:29:46","modified_gmt":"2024-09-10T19:29:46","slug":"lugina-gjelbert","status":"publish","type":"page","link":"https:\/\/vision-agency.tech\/fr\/projects\/lugina-gjelbert\/","title":{"rendered":"Lugina Gjelbert"},"content":{"rendered":"<div data-elementor-type=\"wp-page\" data-elementor-id=\"499\" class=\"elementor elementor-499\" data-elementor-post-type=\"page\">\n\t\t\t\t<div class=\"elementor-element elementor-element-f218dcd e-flex e-con-boxed e-con e-parent\" data-id=\"f218dcd\" data-element_type=\"container\" data-settings=\"{&quot;background_background&quot;:&quot;classic&quot;}\">\n\t\t\t\t\t<div class=\"e-con-inner\">\n\t\t\t\t<div class=\"elementor-element elementor-element-ef4545a elementor-widget elementor-widget-video\" data-id=\"ef4545a\" data-element_type=\"widget\" data-settings=\"{&quot;video_type&quot;:&quot;hosted&quot;,&quot;autoplay&quot;:&quot;yes&quot;,&quot;mute&quot;:&quot;yes&quot;,&quot;loop&quot;:&quot;yes&quot;}\" data-widget_type=\"video.default\">\n\t\t\t\t<div class=\"elementor-widget-container\">\n\t\t\t\t\t\t\t<div class=\"e-hosted-video elementor-wrapper elementor-open-inline\">\n\t\t\t\t\t<video class=\"elementor-video\" src=\"https:\/\/vision-agency.tech\/wp-content\/uploads\/2024\/09\/5.mp4\" autoplay=\"\" loop=\"\" muted=\"muted\" controlslist=\"nodownload\" poster=\"https:\/\/vision-agency.tech\/wp-content\/uploads\/2024\/09\/IMG-20240910-WA0021.jpg\"><\/video>\n\t\t\t\t<\/div>\n\t\t\t\t\t\t<\/div>\n\t\t\t\t<\/div>\n\t\t\t\t\t<\/div>\n\t\t\t\t<\/div>\n\t\t<div class=\"elementor-element elementor-element-d6338ae e-flex e-con-boxed e-con e-parent\" data-id=\"d6338ae\" data-element_type=\"container\">\n\t\t\t\t\t<div class=\"e-con-inner\">\n\t\t\t\t<div class=\"elementor-element elementor-element-3b277d4 elementor-widget elementor-widget-heading\" data-id=\"3b277d4\" data-element_type=\"widget\" data-widget_type=\"heading.default\">\n\t\t\t\t<div class=\"elementor-widget-container\">\n\t\t\t\t\t<h2 class=\"elementor-heading-title elementor-size-default\">Lugina Gjelbert<\/h2>\t\t\t\t<\/div>\n\t\t\t\t<\/div>\n\t\t\t\t<div class=\"elementor-element elementor-element-1e5b41e elementor-widget__width-initial elementor-widget-mobile__width-inherit elementor-widget elementor-widget-text-editor\" data-id=\"1e5b41e\" data-element_type=\"widget\" data-widget_type=\"text-editor.default\">\n\t\t\t\t<div class=\"elementor-widget-container\">\n\t\t\t\t\t\t\t\t\t<p>Nous avons cr\u00e9\u00e9 un cadre moderne et adaptable site web pour Lugina Gjelbert, avec une vaste exp\u00e9rience \u00e0 manger vitrine, d\u00e9taill\u00e9 plat de pr\u00e9sentations et de r\u00e9servation int\u00e9gr\u00e9e de fonctionnalit\u00e9s.<\/p>\t\t\t\t\t\t\t\t<\/div>\n\t\t\t\t<\/div>\n\t\t\t\t<div class=\"elementor-element elementor-element-e50a6f8 elementor-widget__width-initial elementor-widget-mobile__width-inherit elementor-widget elementor-widget-text-editor\" data-id=\"e50a6f8\" data-element_type=\"widget\" data-widget_type=\"text-editor.default\">\n\t\t\t\t<div class=\"elementor-widget-container\">\n\t\t\t\t\t\t\t\t\t<p>Time: 1 Month<\/p>\t\t\t\t\t\t\t\t<\/div>\n\t\t\t\t<\/div>\n\t\t\t\t<div class=\"elementor-element elementor-element-a06022b elementor-align-center elementor-widget elementor-widget-button\" data-id=\"a06022b\" data-element_type=\"widget\" data-widget_type=\"button.default\">\n\t\t\t\t<div class=\"elementor-widget-container\">\n\t\t\t\t\t\t\t\t\t<div class=\"elementor-button-wrapper\">\n\t\t\t\t\t<a class=\"elementor-button elementor-button-link elementor-size-sm\" href=\"https:\/\/luginagjelbert.com\/\">\n\t\t\t\t\t\t<span class=\"elementor-button-content-wrapper\">\n\t\t\t\t\t\t\t\t\t<span class=\"elementor-button-text\">VISIT WEBSITE<\/span>\n\t\t\t\t\t<\/span>\n\t\t\t\t\t<\/a>\n\t\t\t\t<\/div>\n\t\t\t\t\t\t\t\t<\/div>\n\t\t\t\t<\/div>\n\t\t\t\t<div class=\"elementor-element elementor-element-59c537a elementor-widget elementor-widget-video\" data-id=\"59c537a\" data-element_type=\"widget\" data-settings=\"{&quot;video_type&quot;:&quot;hosted&quot;,&quot;autoplay&quot;:&quot;yes&quot;,&quot;mute&quot;:&quot;yes&quot;,&quot;loop&quot;:&quot;yes&quot;}\" data-widget_type=\"video.default\">\n\t\t\t\t<div class=\"elementor-widget-container\">\n\t\t\t\t\t\t\t<div class=\"e-hosted-video elementor-wrapper elementor-open-inline\">\n\t\t\t\t\t<video class=\"elementor-video\" src=\"https:\/\/vision-agency.tech\/wp-content\/uploads\/2024\/09\/9.mp4\" autoplay=\"\" loop=\"\" muted=\"muted\" controlslist=\"nodownload\" poster=\"https:\/\/vision-agency.tech\/wp-content\/uploads\/2024\/09\/IMG-20240910-WA0021.jpg\"><\/video>\n\t\t\t\t<\/div>\n\t\t\t\t\t\t<\/div>\n\t\t\t\t<\/div>\n\t\t\t\t\t<\/div>\n\t\t\t\t<\/div>\n\t\t<div class=\"elementor-element elementor-element-a8a38b5 e-flex e-con-boxed e-con e-parent\" data-id=\"a8a38b5\" data-element_type=\"container\">\n\t\t\t\t\t<div class=\"e-con-inner\">\n\t\t<div class=\"elementor-element elementor-element-ff40c1e e-con-full e-flex e-con e-child\" data-id=\"ff40c1e\" data-element_type=\"container\">\n\t\t\t\t<div class=\"elementor-element elementor-element-698a827 elementor-widget elementor-widget-image\" data-id=\"698a827\" data-element_type=\"widget\" data-widget_type=\"image.default\">\n\t\t\t\t<div class=\"elementor-widget-container\">\n\t\t\t\t\t\t\t\t\t\t\t\t\t\t\t<img fetchpriority=\"high\" decoding=\"async\" width=\"773\" height=\"2048\" src=\"https:\/\/vision-agency.tech\/wp-content\/uploads\/2024\/09\/Screenshot_11-9-2024_01639_luginagjelbert.com_-773x2048.jpeg\" class=\"attachment-2048x2048 size-2048x2048 wp-image-526\" alt=\"\" srcset=\"https:\/\/vision-agency.tech\/wp-content\/uploads\/2024\/09\/Screenshot_11-9-2024_01639_luginagjelbert.com_-773x2048.jpeg 773w, https:\/\/vision-agency.tech\/wp-content\/uploads\/2024\/09\/Screenshot_11-9-2024_01639_luginagjelbert.com_-113x300.jpeg 113w, https:\/\/vision-agency.tech\/wp-content\/uploads\/2024\/09\/Screenshot_11-9-2024_01639_luginagjelbert.com_-386x1024.jpeg 386w, https:\/\/vision-agency.tech\/wp-content\/uploads\/2024\/09\/Screenshot_11-9-2024_01639_luginagjelbert.com_-768x2036.jpeg 768w, https:\/\/vision-agency.tech\/wp-content\/uploads\/2024\/09\/Screenshot_11-9-2024_01639_luginagjelbert.com_-scaled.jpeg 966w\" sizes=\"(max-width: 773px) 100vw, 773px\" \/>\t\t\t\t\t\t\t\t\t\t\t\t\t\t\t<\/div>\n\t\t\t\t<\/div>\n\t\t\t\t<\/div>\n\t\t<div class=\"elementor-element elementor-element-488b3fb e-con-full e-flex e-con e-child\" data-id=\"488b3fb\" data-element_type=\"container\">\n\t\t\t\t<div class=\"elementor-element elementor-element-39fce46 elementor-widget elementor-widget-image\" data-id=\"39fce46\" data-element_type=\"widget\" data-widget_type=\"image.default\">\n\t\t\t\t<div class=\"elementor-widget-container\">\n\t\t\t\t\t\t\t\t\t\t\t\t\t\t\t<img decoding=\"async\" width=\"585\" height=\"1536\" src=\"https:\/\/vision-agency.tech\/wp-content\/uploads\/2024\/09\/Screenshot_11-9-2024_0163_luginagjelbert.com_-585x1536.jpeg\" class=\"attachment-1536x1536 size-1536x1536 wp-image-527\" alt=\"\" srcset=\"https:\/\/vision-agency.tech\/wp-content\/uploads\/2024\/09\/Screenshot_11-9-2024_0163_luginagjelbert.com_-585x1536.jpeg 585w, https:\/\/vision-agency.tech\/wp-content\/uploads\/2024\/09\/Screenshot_11-9-2024_0163_luginagjelbert.com_-114x300.jpeg 114w, https:\/\/vision-agency.tech\/wp-content\/uploads\/2024\/09\/Screenshot_11-9-2024_0163_luginagjelbert.com_-390x1024.jpeg 390w, https:\/\/vision-agency.tech\/wp-content\/uploads\/2024\/09\/Screenshot_11-9-2024_0163_luginagjelbert.com_-768x2015.jpeg 768w, https:\/\/vision-agency.tech\/wp-content\/uploads\/2024\/09\/Screenshot_11-9-2024_0163_luginagjelbert.com_-780x2048.jpeg 780w\" sizes=\"(max-width: 585px) 100vw, 585px\" \/>\t\t\t\t\t\t\t\t\t\t\t\t\t\t\t<\/div>\n\t\t\t\t<\/div>\n\t\t\t\t<\/div>\n\t\t\t\t\t<\/div>\n\t\t\t\t<\/div>\n\t\t<div class=\"elementor-element elementor-element-561eb98 e-flex e-con-boxed e-con e-parent\" data-id=\"561eb98\" data-element_type=\"container\">\n\t\t\t\t\t<div class=\"e-con-inner\">\n\t\t<div class=\"elementor-element elementor-element-56add0a e-con-full e-flex e-con e-child\" data-id=\"56add0a\" data-element_type=\"container\">\n\t\t\t\t<div class=\"elementor-element elementor-element-3f370a0 elementor-widget elementor-widget-image\" data-id=\"3f370a0\" data-element_type=\"widget\" data-widget_type=\"image.default\">\n\t\t\t\t<div class=\"elementor-widget-container\">\n\t\t\t\t\t\t\t\t\t\t\t\t\t\t\t<img decoding=\"async\" width=\"885\" height=\"2048\" src=\"https:\/\/vision-agency.tech\/wp-content\/uploads\/2024\/09\/part01-885x2048.jpeg\" class=\"attachment-2048x2048 size-2048x2048 wp-image-529\" alt=\"\" srcset=\"https:\/\/vision-agency.tech\/wp-content\/uploads\/2024\/09\/part01-885x2048.jpeg 885w, https:\/\/vision-agency.tech\/wp-content\/uploads\/2024\/09\/part01-130x300.jpeg 130w, https:\/\/vision-agency.tech\/wp-content\/uploads\/2024\/09\/part01-442x1024.jpeg 442w, https:\/\/vision-agency.tech\/wp-content\/uploads\/2024\/09\/part01-768x1778.jpeg 768w, https:\/\/vision-agency.tech\/wp-content\/uploads\/2024\/09\/part01-664x1536.jpeg 664w, https:\/\/vision-agency.tech\/wp-content\/uploads\/2024\/09\/part01-scaled.jpeg 1106w\" sizes=\"(max-width: 885px) 100vw, 885px\" \/>\t\t\t\t\t\t\t\t\t\t\t\t\t\t\t<\/div>\n\t\t\t\t<\/div>\n\t\t\t\t<\/div>\n\t\t<div class=\"elementor-element elementor-element-644face e-con-full e-flex e-con e-child\" data-id=\"644face\" data-element_type=\"container\">\n\t\t\t\t<div class=\"elementor-element elementor-element-311d561 elementor-widget elementor-widget-image\" data-id=\"311d561\" data-element_type=\"widget\" data-widget_type=\"image.default\">\n\t\t\t\t<div class=\"elementor-widget-container\">\n\t\t\t\t\t\t\t\t\t\t\t\t\t\t\t<img loading=\"lazy\" decoding=\"async\" width=\"598\" height=\"2048\" src=\"https:\/\/vision-agency.tech\/wp-content\/uploads\/2024\/09\/Screenshot_11-9-2024_01848_luginagjelbert.com_-1-598x2048.jpeg\" class=\"attachment-2048x2048 size-2048x2048 wp-image-530\" alt=\"\" srcset=\"https:\/\/vision-agency.tech\/wp-content\/uploads\/2024\/09\/Screenshot_11-9-2024_01848_luginagjelbert.com_-1-598x2048.jpeg 598w, https:\/\/vision-agency.tech\/wp-content\/uploads\/2024\/09\/Screenshot_11-9-2024_01848_luginagjelbert.com_-1-88x300.jpeg 88w, https:\/\/vision-agency.tech\/wp-content\/uploads\/2024\/09\/Screenshot_11-9-2024_01848_luginagjelbert.com_-1-299x1024.jpeg 299w, https:\/\/vision-agency.tech\/wp-content\/uploads\/2024\/09\/Screenshot_11-9-2024_01848_luginagjelbert.com_-1-768x2632.jpeg 768w, https:\/\/vision-agency.tech\/wp-content\/uploads\/2024\/09\/Screenshot_11-9-2024_01848_luginagjelbert.com_-1-scaled.jpeg 747w\" sizes=\"(max-width: 598px) 100vw, 598px\" \/>\t\t\t\t\t\t\t\t\t\t\t\t\t\t\t<\/div>\n\t\t\t\t<\/div>\n\t\t\t\t<\/div>\n\t\t\t\t\t<\/div>\n\t\t\t\t<\/div>\n\t\t\t\t<\/div>","protected":false},"excerpt":{"rendered":"<p>https:\/\/vision-agency.tech\/wp-content\/uploads\/2024\/09\/5.mp4 Lugina Gjelbert We have created a modern and adaptable website for Lugina Gjelbert, featuring a comprehensive dining experience showcase, detailed dish presentations, and integrated reservation functionalities. Time: 1 Month VISIT WEBSITE https:\/\/vision-agency.tech\/wp-content\/uploads\/2024\/09\/9.mp4<\/p>","protected":false},"author":1,"featured_media":0,"parent":344,"menu_order":0,"comment_status":"closed","ping_status":"closed","template":"elementor_header_footer","meta":{"footnotes":""},"class_list":["post-499","page","type-page","status-publish","hentry"],"_links":{"self":[{"href":"https:\/\/vision-agency.tech\/fr\/wp-json\/wp\/v2\/pages\/499","targetHints":{"allow":["GET"]}}],"collection":[{"href":"https:\/\/vision-agency.tech\/fr\/wp-json\/wp\/v2\/pages"}],"about":[{"href":"https:\/\/vision-agency.tech\/fr\/wp-json\/wp\/v2\/types\/page"}],"author":[{"embeddable":true,"href":"https:\/\/vision-agency.tech\/fr\/wp-json\/wp\/v2\/users\/1"}],"replies":[{"embeddable":true,"href":"https:\/\/vision-agency.tech\/fr\/wp-json\/wp\/v2\/comments?post=499"}],"version-history":[{"count":16,"href":"https:\/\/vision-agency.tech\/fr\/wp-json\/wp\/v2\/pages\/499\/revisions"}],"predecessor-version":[{"id":545,"href":"https:\/\/vision-agency.tech\/fr\/wp-json\/wp\/v2\/pages\/499\/revisions\/545"}],"up":[{"embeddable":true,"href":"https:\/\/vision-agency.tech\/fr\/wp-json\/wp\/v2\/pages\/344"}],"wp:attachment":[{"href":"https:\/\/vision-agency.tech\/fr\/wp-json\/wp\/v2\/media?parent=499"}],"curies":[{"name":"wp","href":"https:\/\/api.w.org\/{rel}","templated":true}]}}